{"id":94,"date":"2021-11-29T10:00:48","date_gmt":"2021-11-29T09:00:48","guid":{"rendered":"http:\/\/rauchenbichlerhof.com\/?page_id=94"},"modified":"2023-10-24T13:42:18","modified_gmt":"2023-10-24T11:42:18","slug":"imprint","status":"publish","type":"page","link":"https:\/\/rauchenbichlerhof.com\/it\/imprint\/","title":{"rendered":"Imprint"},"content":{"rendered":"<p>[et_pb_section fb_built=&#8221;1&#8243; _builder_version=&#8221;4.16&#8243; custom_padding=&#8221;0|0px|0|0px|false|false&#8221; global_colors_info=&#8221;{}&#8221;][et_pb_row use_custom_gutter=&#8221;on&#8221; gutter_width=&#8221;1&#8243; make_equal=&#8221;on&#8221; module_class=&#8221; et_pb_row_fullwidth&#8221; _builder_version=&#8221;4.16&#8243; width=&#8221;100%&#8221; width_tablet=&#8221;100%&#8221; width_phone=&#8221;100%&#8221; width_last_edited=&#8221;on|desktop&#8221; max_width=&#8221;100%&#8221; max_width_tablet=&#8221;100%&#8221; max_width_phone=&#8221;100%&#8221; max_width_last_edited=&#8221;on|desktop&#8221; custom_margin=&#8221;||&#8221; custom_padding=&#8221;0px|0px|0|0px|false|false&#8221; make_fullwidth=&#8221;on&#8221; global_colors_info=&#8221;{}&#8221;][et_pb_column type=&#8221;4_4&#8243; _builder_version=&#8221;4.16&#8243; custom_padding=&#8221;|||&#8221; global_colors_info=&#8221;{}&#8221; custom_padding__hover=&#8221;|||&#8221;][et_pb_slider _builder_version=&#8221;4.16&#8243; custom_margin=&#8221;||&#8221; custom_padding=&#8221;300px||300px&#8221; global_colors_info=&#8221;{}&#8221;][et_pb_slide _builder_version=&#8221;4.16&#8243; background_image=&#8221;http:\/\/rauchenbichlerhof.com\/wp-content\/uploads\/2019\/02\/header-winter.jpg&#8221; global_colors_info=&#8221;{}&#8221; sticky_transition=&#8221;on&#8221;][\/et_pb_slide][et_pb_slide _builder_version=&#8221;4.16&#8243; background_image=&#8221;http:\/\/rauchenbichlerhof.com\/wp-content\/uploads\/2019\/01\/header-kronplatz.jpg&#8221; global_colors_info=&#8221;{}&#8221; sticky_transition=&#8221;on&#8221;][\/et_pb_slide][\/et_pb_slider][\/et_pb_column][\/et_pb_row][\/et_pb_section][et_pb_section fb_built=&#8221;1&#8243; custom_padding_last_edited=&#8221;off|desktop&#8221; admin_label=&#8221;Hero&#8221; _builder_version=&#8221;4.16&#8243; background_color=&#8221;#f8f7fc&#8221; background_color_gradient_direction=&#8221;60deg&#8221; custom_padding=&#8221;48px|0px|3px|0|false|false&#8221; global_colors_info=&#8221;{}&#8221;][et_pb_row _builder_version=&#8221;4.16&#8243; custom_padding=&#8221;|||&#8221; global_colors_info=&#8221;{}&#8221;][et_pb_column type=&#8221;4_4&#8243; _builder_version=&#8221;4.16&#8243; custom_padding=&#8221;|||&#8221; global_colors_info=&#8221;{}&#8221; custom_padding__hover=&#8221;|||&#8221;][et_pb_text _builder_version=&#8221;4.16&#8243; text_font=&#8221;Open Sans|600|||||||&#8221; text_font_size=&#8221;16px&#8221; text_line_height=&#8221;1.8em&#8221; header_font=&#8221;Poppins||||||||&#8221; header_font_size=&#8221;36px&#8221; header_2_font=&#8221;Poppins||||||||&#8221; header_2_font_size=&#8221;36px&#8221; header_2_line_height=&#8221;1.4em&#8221; header_3_font=&#8221;||||||||&#8221; header_4_font=&#8221;||||||||&#8221; header_5_font=&#8221;||||||||&#8221; text_orientation=&#8221;center&#8221; max_width=&#8221;700px&#8221; module_alignment=&#8221;center&#8221; header_font_size_tablet=&#8221;&#8221; header_font_size_phone=&#8221;30px&#8221; header_font_size_last_edited=&#8221;on|phone&#8221; header_2_font_size_tablet=&#8221;&#8221; header_2_font_size_phone=&#8221;30px&#8221; header_2_font_size_last_edited=&#8221;on|desktop&#8221; inline_fonts=&#8221;Amita,Caesar Dressing,Cookie&#8221; global_colors_info=&#8221;{}&#8221;]<\/p>\n<p><strong>Rauchenbichlerhof\u00a0<\/strong><br \/>Via Funivia 11<br \/>I-39031 Riscone (BZ)<\/p>\n<p>www.rauchenbichlerhof.com<br \/>info@rauchenbichlerhof.com<\/p>\n<p>Immagini: Rauchenbichlerhof<br \/>Webdesign: by nadia-huber.com based on DIVI Theme<\/p>\n<p>&nbsp;<\/p>\n<h4 id=\"dsg-general-intro\">Regolamento Generale sulla<\/h4>\n<h2>Protezione dei Dati (RGPD)<\/h2>\n<p>Il presente regolamento \u00e8 valido per tutti i nostri ospiti. Con la presente Le diamo conto della natura, della portata e dello scopo della raccolta e dell\u2019uso dei Suoi dati personali. Responsabile del trattamento dei dati \u00e8: Alexander Niederbacher, Rauchenbichlerhof, Via Funivia 11, 39031 Brunico Riscone, Italia, contattabile ai seguenti recapiti: Tel. 0039 339 820 98 73 + E-Mail info@rauchenbichlerhof.com<\/p>\n<p>Ai sensi dell\u2019articolo 13 del Regolamento Generale sulla Protezione dei Dati, tratteremo le seguenti informazioni:<\/p>\n<ul>\n<li>Dati anagrafici (nome, cognome, indirizzo, telefono, e-mail, data di nascita, luogo di nascita, lingua ecc.)<\/li>\n<li>Dati presenti nei documenti di viaggio e d\u2019identit\u00e0<\/li>\n<li>Dati relativi a pagamenti, carte di debito, carte di credito e carte bancarie<\/li>\n<li>La durata del soggiorno e le preferenze personali associate al soggiorno richiesto<\/li>\n<\/ul>\n<p>I dati saranno archiviati, elaborati e, ove richiesto dalla legge, trasmessi a terzi (quali autorit\u00e0 pubbliche, associazioni turistiche) nell\u2019ottica della fornitura dei nostri servizi. I Suoi dati non saranno trasmessi a paesi terzi.<\/p>\n<p>In caso di Suo rifiuto a conferirci i Suoi dati anagrafici, dei documenti di viaggio e relativi alle coordinate bancarie non saremo in grado di adempiere agli obblighi contrattuali e di accoglierLa presso la nostra struttura. I Suoi dati non verranno impiegati in processi decisionali automatizzati, compresa la profilazione.<\/p>\n<p>Le basi legali per questi processi di elaborazione dei dati sono:<\/p>\n<ul>\n<li>l\u2019adempimento dei nostri obblighi precontrattuali e contrattuali nei Suoi confronti<\/li>\n<li>il consenso da Lei ottenuto<\/li>\n<li>gli obblighi legali, contrattuali o altri obblighi legali a cui siamo tenuti (come ad esempio gli obblighi in materia di contabilit\u00e0, diritto fiscale e doganale, derivanti da contratti, informativa o contenziosi)<\/li>\n<li>i nostri interessi legittimi (come ad esempio migliorare il nostro servizio ai clienti, l\u2019attivit\u00e0 di pubblicit\u00e0 diretta o l\u2019esercizio dei nostri interessi legali).<\/li>\n<\/ul>\n<p>La durata della conservazione dipende dalla durata del rapporto commerciale, dal consenso da parte Sua, dagli obblighi legali di conservazione e dagli obblighi legali a cui siamo sottoposti.\u00a0<\/p>\n<p>Pu\u00f2 richiedere informazioni sui Suoi dati personali da noi custoditi gratuitamente in qualsiasi momento. Come interessato ha anche il diritto di revoca, consultazione, modificazione, cancellazione e distruzione dei dati, nella misura in cui non ci sia alcun obbligo legale di conservazione da parte nostra. Esercitando il Suo diritto di revoca, tutti i Suoi dati saranno irrimediabilmente cancellati, a meno che non vengano violate disposizioni normative di rango superiore.<\/p>\n<p>Per ulteriori informazioni sui Suoi diritti La preghiamo di contattarci a info@rauchenbichlerhof.com, saremo felici di aiutarLa.<\/p>\n<h4>Consenso alla ricezione di informazioni via e-mail o posta<\/h4>\n<p>Accetta che le informazioni da Lei fornite possano essere utilizzate allo scopo di inviare informazioni sui prodotti, offerte e di contattarla personalmente. Il trasferimento a terzi \u00e8 escluso. Pu\u00f2 revocare il Suo consenso in qualsiasi momento scrivendo a info@rauchenbichlerhof.com. Sono salvi tutti gli altri diritti spettanti.<\/p>\n<p>[\/et_pb_text][\/et_pb_column][\/et_pb_row][\/et_pb_section][et_pb_section fb_built=&#8221;1&#8243; _builder_version=&#8221;4.16&#8243; background_color=&#8221;#7ebec5&#8243; global_colors_info=&#8221;{}&#8221;][et_pb_row column_structure=&#8221;1_2,1_2&#8243; _builder_version=&#8221;4.16&#8243; global_colors_info=&#8221;{}&#8221;][et_pb_column type=&#8221;1_2&#8243; _builder_version=&#8221;4.16&#8243; custom_padding=&#8221;|||&#8221; global_colors_info=&#8221;{}&#8221; custom_padding__hover=&#8221;|||&#8221;][et_pb_divider show_divider=&#8221;off&#8221; _builder_version=&#8221;4.16&#8243; height=&#8221;53px&#8221; global_colors_info=&#8221;{}&#8221;][\/et_pb_divider][et_pb_countdown_timer title=&#8221;Countdown per l&apos;apertura&#8221; date_time=&#8221;2019-11-28 09:00&#8243; _builder_version=&#8221;4.16&#8243; global_colors_info=&#8221;{}&#8221;][\/et_pb_countdown_timer][\/et_pb_column][et_pb_column type=&#8221;1_2&#8243; _builder_version=&#8221;4.16&#8243; custom_padding=&#8221;|||&#8221; global_colors_info=&#8221;{}&#8221; custom_padding__hover=&#8221;|||&#8221;][et_pb_signup provider=&#8221;mailpoet&#8221; mailpoet_list=&#8221;Newsletter|2&#8243; name_field=&#8221;on&#8221; success_message=&#8221;Registrazione con successo&#8221; title=&#8221;Iscriviti alla newsletter&#8221; description=&#8221;<\/p>\n<p>Per chi \u00e8 interessato la nostra Newsletter vi fornir\u00e0 tutte le novit\u00e0.<\/p>\n<p>&#8221; _builder_version=&#8221;4.16&#8243; background_color=&#8221;#f3c057&#8243; global_colors_info=&#8221;{}&#8221;][\/et_pb_signup][\/et_pb_column][\/et_pb_row][\/et_pb_section][et_pb_section fb_built=&#8221;1&#8243; fullwidth=&#8221;on&#8221; _builder_version=&#8221;4.16&#8243; background_color=&#8221;#f8f7fc&#8221; global_colors_info=&#8221;{}&#8221;][et_pb_fullwidth_map address=&#8221;Seilbahnstra\u00dfe, 11, 39031 Reiperting, Bozen, Italien&#8221; zoom_level=&#8221;12&#8243; address_lat=&#8221;46.773838662916&#8243; address_lng=&#8221;11.947437873597&#8243; mouse_wheel=&#8221;off&#8221; _builder_version=&#8221;4.16&#8243; filter_saturate=&#8221;0%&#8221; filter_opacity=&#8221;70%&#8221; animation_style=&#8221;slide&#8221; animation_direction=&#8221;bottom&#8221; animation_intensity_slide=&#8221;10%&#8221; global_colors_info=&#8221;{}&#8221;][et_pb_map_pin title=&#8221;Rauchenbichlerhof&#8221; pin_address=&#8221;Seilbahnstra\u00dfe, 11, 39031 Reiperting, Bozen, Italien&#8221; zoom_level=&#8221;9&#8243; pin_address_lat=&#8221;46.772995&#8243; pin_address_lng=&#8221;11.9428548&#8243; _builder_version=&#8221;3.19.9&#8243; global_colors_info=&#8221;{}&#8221;][\/et_pb_map_pin][\/et_pb_fullwidth_map][\/et_pb_section]<\/p>\n","protected":false},"excerpt":{"rendered":"<p>Rauchenbichlerhof\u00a0Via Funivia 11I-39031 Riscone (BZ) www.rauchenbichlerhof.cominfo@rauchenbichlerhof.com Immagini: RauchenbichlerhofWebdesign: by nadia-huber.com based on DIVI Theme &nbsp; Regolamento Generale sulla Protezione dei Dati (RGPD) Il presente regolamento \u00e8 valido per tutti i nostri ospiti. Con la presente Le diamo conto della natura, della portata e dello scopo della raccolta e dell\u2019uso dei Suoi dati personali. Responsabile del [&hellip;]<\/p>\n","protected":false},"author":1,"featured_media":0,"parent":0,"menu_order":100,"comment_status":"closed","ping_status":"closed","template":"","meta":{"_et_pb_use_builder":"on","_et_pb_old_content":"","_et_gb_content_width":"","footnotes":""},"class_list":["post-94","page","type-page","status-publish","hentry"],"_links":{"self":[{"href":"https:\/\/rauchenbichlerhof.com\/it\/wp-json\/wp\/v2\/pages\/94","targetHints":{"allow":["GET"]}}],"collection":[{"href":"https:\/\/rauchenbichlerhof.com\/it\/wp-json\/wp\/v2\/pages"}],"about":[{"href":"https:\/\/rauchenbichlerhof.com\/it\/wp-json\/wp\/v2\/types\/page"}],"author":[{"embeddable":true,"href":"https:\/\/rauchenbichlerhof.com\/it\/wp-json\/wp\/v2\/users\/1"}],"replies":[{"embeddable":true,"href":"https:\/\/rauchenbichlerhof.com\/it\/wp-json\/wp\/v2\/comments?post=94"}],"version-history":[{"count":15,"href":"https:\/\/rauchenbichlerhof.com\/it\/wp-json\/wp\/v2\/pages\/94\/revisions"}],"predecessor-version":[{"id":722,"href":"https:\/\/rauchenbichlerhof.com\/it\/wp-json\/wp\/v2\/pages\/94\/revisions\/722"}],"wp:attachment":[{"href":"https:\/\/rauchenbichlerhof.com\/it\/wp-json\/wp\/v2\/media?parent=94"}],"curies":[{"name":"wp","href":"https:\/\/api.w.org\/{rel}","templated":true}]}}